
{"id":258,"date":"2022-01-27T10:07:26","date_gmt":"2022-01-27T07:07:26","guid":{"rendered":"http:\/\/www.drozguroktay.com\/tr\/?page_id=258"},"modified":"2022-01-27T10:07:26","modified_gmt":"2022-01-27T07:07:26","slug":"aydinlatma-metni","status":"publish","type":"page","link":"https:\/\/www.drozguroktay.com\/tr\/aydinlatma-metni\/","title":{"rendered":"Ayd\u0131nlatma Metni"},"content":{"rendered":"<p><strong>UZM.DR. \u00d6ZG\u00dcR OKTAY<\/strong><\/p>\n<p><strong>K\u0130\u015e\u0130SEL VER\u0130LER\u0130N \u0130\u015eLENMES\u0130 VE KORUNMASINA \u0130L\u0130\u015eK\u0130N<\/strong><\/p>\n<p><strong>AYDINLATMA METN\u0130<\/strong><\/p>\n<p>De\u011ferli Misafirlerimiz \/ Hastalar\u0131m\u0131z,<\/p>\n<p>\u201c\u00c7\u0131nar Mahallesi Fatih Caddesi No:1\/23 \u0130\u00e7 Kap\u0131 No:401 Bornova \u2013 \u0130zmir\u201d adresinde hizmet vermekte olan ve 6698 Say\u0131l\u0131 Ki\u015fisel Verilerin Korunmas\u0131 Kanunu (\u201cKVKK\u201d) kapsam\u0131nda Veri Sorumlusu s\u0131fat\u0131na haiz <strong>Uzm.Dr. \u00d6ZG\u00dcR OKTAY<\/strong>, hizmetlerini y\u00fcr\u00fct\u00fcrken \u2018hasta mahremiyetinin korunmas\u0131\u2019 ilkesini benimsemekte ve bu kapsamda hem hastalar\u0131n\u0131n hem de hasta yak\u0131nlar\u0131n\u0131n gizlili\u011fine ve ki\u015fisel verilerinin korunmas\u0131na ili\u015fkin haklar\u0131na sayg\u0131 duymaktad\u0131r. Buna ba\u011fl\u0131 olarak, bu ayd\u0131nlatma metni; temel hak ve \u00f6zg\u00fcrl\u00fcklerinizi korumak amac\u0131yla Ki\u015fisel Verilerinizin ve \u00d6zel Nitelikli Ki\u015fisel Verilerinizin toplanmas\u0131 ve korunmas\u0131 ile ilgili i\u015flemler ile KVKK kapsam\u0131nda Ki\u015fisel Verilerinize y\u00f6nelik haklar\u0131n\u0131z hakk\u0131nda sizi bilgilendirmek amac\u0131yla haz\u0131rlanm\u0131\u015ft\u0131r.<\/p>\n<p>KVKK kapsam\u0131nda Ki\u015fisel Veriler \u00fczerinde ger\u00e7ekle\u015ftirilen her t\u00fcrl\u00fc i\u015flem &#8220;ki\u015fisel verilerin i\u015flenmesi\u201d olarak kabul edilmektedir.<\/p>\n<p><strong>1- \u0130\u015flenen Ki\u015fisel Veriler<\/strong><\/p>\n<p>Ba\u015fta, KVKK kapsam\u0131nda \u00d6zel Nitelikli Ki\u015fisel Veri olarak de\u011ferlendirilen sa\u011fl\u0131k verileriniz olmak \u00fczere, ki\u015fisel ve \u00f6zel nitelikli ki\u015fisel verileriniz: ad, soyad, T.C. Kimlik numaras\u0131 ve\/veya pasaport numaras\u0131 ve\/veya ge\u00e7ici TC Kimlik numaras\u0131, foto\u011fraf, do\u011fum yeri ve\/veya tarihi, medeni hal, cinsiyet ile kimlik belgesinde yer alan sizi tan\u0131mlayabilecek di\u011fer kimlik verilerinizi; adres, telefon numaras\u0131, elektronik posta adresi ve sair ileti\u015fim verilerinizi, m\u00fc\u015fteri temsilcileri ve\/veya hasta hizmetleri taraf\u0131ndan \u00e7a\u011fr\u0131 merkezi standartlar\u0131 gere\u011fi tutulan sesli g\u00f6r\u00fc\u015fme kay\u0131tlar\u0131 ile elektronik posta, mektup ve\/veya sair vas\u0131talar arac\u0131l\u0131\u011f\u0131 ile taraf\u0131m\u0131zla ileti\u015fime ge\u00e7ti\u011finizde elde edilen ki\u015fisel verilerinizi; banka hesap numaras\u0131, IBAN numaras\u0131, kredi kart\u0131 bilgileri, faturalama ve fatura bilgileri gibi finansal verilerinizi; sa\u011fl\u0131k hizmetlerinin finansman\u0131 ve planlamas\u0131 amac\u0131yla \u00f6zel sa\u011fl\u0131k sigortas\u0131na ili\u015fkin verileriniz ile Sosyal G\u00fcvenlik Kurumu gibi \u00f6deyici kurum bilgisi verilerinizi; hasta t\u0131bbi raporlar\u0131, tan\u0131 verileri, laboratuvar sonu\u00e7lar\u0131, test sonu\u00e7lar\u0131, muayene verileri, doktor analiz ve yorumlar\u0131, randevu bilgileri, re\u00e7ete bilgileri dahil ancak bunlarla s\u0131n\u0131rl\u0131 olmaks\u0131z\u0131n t\u0131bb\u00ee te\u015fhis, tedavi ve bak\u0131m hizmetlerinin y\u00fcr\u00fct\u00fclmesi s\u0131ras\u0131nda ve\/veya bunlar\u0131n bir sonucu olarak elde edilen her t\u00fcrl\u00fc sa\u011fl\u0131k bilgileri ile verileriniz, internet sitemize g\u00f6nderdi\u011finiz ve\/veya girdi\u011finiz verileriniz, IP adresi, \u00e7erez ve sair ki\u015fisel verileriniz ile hizmetin ifas\u0131 ile do\u011frudan ba\u011flant\u0131l\u0131 olarak elde edilen ilgili her t\u00fcrl\u00fc ki\u015fisel verilerinizi (\u201c<strong>Ki\u015fisel Veri\/\u00d6zel Nitelikli Ki\u015fisel Veri<\/strong>\u201d) kapsamakta olup, <strong>Uzm.Dr. \u00d6ZG\u00dcR OKTAY<\/strong> taraf\u0131ndan 2. Maddede belirtilen ama\u00e7lar ile ba\u011flant\u0131l\u0131 ve \u00f6l\u00e7\u00fcl\u00fc \u015fekilde i\u015flenebilmekte ve 3. Maddede belirtilen ki\u015fi, kurum ve kurulu\u015flara aktar\u0131labilmektedir.<\/p>\n<p>KVKK\u2019nun 5. ve 6. Maddeleri uyar\u0131nca, a\u015fa\u011f\u0131daki hallerde a\u00e7\u0131k r\u0131zan\u0131z aranmaks\u0131z\u0131n Ki\u015fisel Verileriniz i\u015flenebilir:<\/p>\n<ol>\n<li>Kanunlarda a\u00e7\u0131k\u00e7a \u00f6ng\u00f6r\u00fclen hallerde,<\/li>\n<li>Fiili imk\u00e2ns\u0131zl\u0131k nedeniyle veri sahibi olarak r\u0131zan\u0131z\u0131 a\u00e7\u0131klayamayacak durumda olman\u0131z veya r\u0131zan\u0131za hukuki ge\u00e7erlilik tan\u0131nmayan hallerde kendinizin ya da bir ba\u015fkas\u0131n\u0131n hayat\u0131 veya beden b\u00fct\u00fcnl\u00fc\u011f\u00fcn\u00fcn korunmas\u0131 i\u00e7in ki\u015fisel verinizin i\u015flenmesinin zorunlu olmas\u0131,<\/li>\n<li>Bir s\u00f6zle\u015fmenin kurulmas\u0131 veya ifas\u0131yla do\u011frudan do\u011fruya ilgili olmas\u0131 kayd\u0131yla, s\u00f6zle\u015fmenin taraflar\u0131na ait Ki\u015fisel Verilerin i\u015flenmesinin gerekli olmas\u0131,<\/li>\n<li>Bir hukuki y\u00fck\u00fcml\u00fcl\u00fc\u011f\u00fcn yerine getirilebilmesi i\u00e7in zorunlu olmas\u0131,<\/li>\n<li>Ki\u015fisel Verilerinizin taraf\u0131n\u0131zca alenile\u015ftirilmi\u015f olmas\u0131,<\/li>\n<li>Bir hakk\u0131n tesisi, kullan\u0131lmas\u0131 veya korunmas\u0131 i\u00e7in veri i\u015flemenin zorunlu olmas\u0131,<\/li>\n<li>Sahip oldu\u011funuz temel hak ve \u00f6zg\u00fcrl\u00fcklerinize zarar vermemek kayd\u0131yla, muayenehanemizin me\u015fru menfaatleri i\u00e7in veri i\u015flenmesinin zorunlu olmas\u0131,<\/li>\n<\/ol>\n<p>Sa\u011fl\u0131k ve cinsel hayata ili\u015fkin Ki\u015fisel Verileriniz ise; ancak kamu sa\u011fl\u0131\u011f\u0131n\u0131n korunmas\u0131, koruyucu hekimlik, t\u0131bb\u00ee te\u015fhis, tedavi ve bak\u0131m hizmetlerinin y\u00fcr\u00fct\u00fclmesi, sa\u011fl\u0131k hizmetleri ile finansman\u0131n\u0131n planlanmas\u0131 ve y\u00f6netimi amac\u0131yla, s\u0131r saklama y\u00fck\u00fcml\u00fcl\u00fc\u011f\u00fc alt\u0131nda bulunan ki\u015filer veya yetkili kurum ve kurulu\u015flar taraf\u0131ndan a\u00e7\u0131k r\u0131zan\u0131z aranmaks\u0131z\u0131n i\u015flenebilir.<\/p>\n<p><strong>2- Ki\u015fisel Veri \u0130\u015fleme Ama\u00e7lar\u0131<\/strong><\/p>\n<p><strong>Uzm.Dr. \u00d6ZG\u00dcR OKTAY<\/strong> taraf\u0131ndan Ki\u015fisel Verileriniz a\u015fa\u011f\u0131daki ama\u00e7lar dahilinde i\u015flenebilecektir:<\/p>\n<ul>\n<li>6698 say\u0131l\u0131 Ki\u015fisel Verilerin Korunmas\u0131 Kanunu, 3359 say\u0131l\u0131 Sa\u011fl\u0131k Hizmetleri Temel Kanunu, 663 say\u0131l\u0131 Sa\u011fl\u0131k Bakanl\u0131\u011f\u0131 ve Ba\u011fl\u0131 Kurulu\u015flar\u0131n\u0131n Te\u015fkilat ve G\u00f6revleri Hakk\u0131nda Kanun H\u00fckm\u00fcnde Kararname, A\u011f\u0131z ve Di\u015f Sa\u011fl\u0131\u011f\u0131 Hizmeti Sunulan \u00d6zel Sa\u011fl\u0131k Kurulu\u015flar\u0131 Hakk\u0131nda Y\u00f6netmelik, Ki\u015fisel Sa\u011fl\u0131k Verilerinin \u0130\u015flenmesi ve Mahremiyetinin Sa\u011flanmas\u0131 Hakk\u0131nda Y\u00f6netmelik, Sa\u011fl\u0131k Bakanl\u0131\u011f\u0131 d\u00fczenlemeleri ve ilgili di\u011fer sair mevzuata uygun olarak hukuki y\u00fck\u00fcml\u00fcl\u00fcklerimizi yerine getirme,<\/li>\n<li>\u0130lgili mevzuat kapsam\u0131nda saklanmas\u0131 gereken sa\u011fl\u0131k verilerinize ili\u015fkin bilgileri muhafaza etme,<\/li>\n<li>Ki\u015fisel Verilerinizin ba\u015fkalar\u0131 taraf\u0131ndan ele ge\u00e7irilmesini engelleyebilmek ad\u0131na kimlik tespiti ve do\u011frulama,<\/li>\n<li>Kamu sa\u011fl\u0131\u011f\u0131n\u0131n korunmas\u0131, koruyucu hekimlik, t\u0131bb\u00ee te\u015fhis, tedavi ve bak\u0131m hizmetlerinin y\u00fcr\u00fct\u00fclmesi, sa\u011fl\u0131k hizmetleri ile finansman\u0131n\u0131n planlanmas\u0131 ve y\u00f6netimi,<\/li>\n<li>\u0130lgili mevzuat uyar\u0131nda Sa\u011fl\u0131k Bakanl\u0131\u011f\u0131 ve di\u011fer kamu kurum ve kurulu\u015flar\u0131 ile talep edilen bilgileri payla\u015fma,<\/li>\n<li>Kamu g\u00fcvenli\u011fine ili\u015fkin hususlarda ve hukuki uyu\u015fmazl\u0131klarda, talep halinde ve mevzuat gere\u011fi savc\u0131l\u0131klara, mahkemelere ve ilgili kamu g\u00f6revlilerine bilgi verebilme,<\/li>\n<li>Size \u00f6zel ila\u00e7 ve\/veya t\u0131bbi malzeme ve\/veya cihaz temini,<\/li>\n<li>Muayenehanenin i\u00e7 i\u015fleyi\u015finin planlanmas\u0131 ve y\u00f6netilmesi, hizmetlerin geli\u015ftirilmesi, analiz yapma, risk y\u00f6netimi ve kalite s\u00fcre\u00e7lerinin de\u011ferlendirilmesi,<\/li>\n<li>Randevu alman\u0131z halinde randevu hakk\u0131nda sizi haberdar edebilme, bilgi sa\u011flama ve\/veya randevu hat\u0131rlatma<\/li>\n<li>Risk y\u00f6netimi ve kalite geli\u015ftirme aktivitelerinin yerine getirilmesi,<\/li>\n<li>Yasal ve d\u00fczenleyici gereksinimlerin yerine getirilmesi,<\/li>\n<li>Anla\u015fmal\u0131 olan kurum\/kurulu\u015flarla hak sahipli\u011finizi sorgulama veya bu kurumlarla size sunulan sa\u011fl\u0131k hizmetlerine ili\u015fkin finansal mutabakat sa\u011flanmas\u0131,<\/li>\n<li>Sa\u011fl\u0131k hizmetlerinin finansman\u0131 kapsam\u0131nda \u00f6zel sigorta \u015firketleri ba\u015fta olmak \u00fczere anla\u015fmal\u0131 kurum\/kurulu\u015flarca talep edilen bilgileri payla\u015fma ve kimlik do\u011frulama,<\/li>\n<li>Sundu\u011fumuz hizmetler kar\u015f\u0131l\u0131\u011f\u0131nda fatura tanzim etme,<\/li>\n<li>Sistem ve uygulamalar\u0131n veri g\u00fcvenli\u011fi kapsam\u0131nda t\u00fcm gerekli teknik ve idari tedbirlerin al\u0131nmas\u0131,<\/li>\n<li>Size sundu\u011fumuz hizmetlerinin geli\u015ftirilmesi ve iyile\u015ftirilmesi amac\u0131yla hizmetleri kullan\u0131m\u0131n\u0131z\u0131 analiz etme ve verilerinizi saklama, hizmetlerimize ili\u015fkin soru veya \u015fikayetlerinize yan\u0131t verme,<\/li>\n<li>D\u00fczenleyici ve denetleyici kurumlarla, resmi mercilerin talep ve denetimleri do\u011frultusunda gerekli bilgilerin temini,<\/li>\n<li>\u0130lgili mevzuat gere\u011fi saklanmas\u0131 gereken sa\u011fl\u0131k verilerinize ili\u015fkin bilgileri muhafaza etme,<\/li>\n<li>\u0130\u00e7 politika ve prensiplerine uyum sa\u011flama,<\/li>\n<li>Anla\u015fmal\u0131 kurum\/kurulu\u015flardan hizmet alman\u0131z\u0131 takiben memnuniyetin \u00f6l\u00e7\u00fclmesi ve art\u0131r\u0131lmas\u0131<\/li>\n<li>Sizlere \u00f6zel tan\u0131t\u0131m ve bilgilendirme faaliyetlerinin y\u00fcr\u00fct\u00fclmesi ve faydalanman\u0131z\u0131n sa\u011flanmas\u0131, hizmetlerimize ili\u015fkin olarak bilgilendirme amac\u0131yla sizinle ileti\u015fime ge\u00e7ilmesi<\/li>\n<li>ve bunlarla s\u0131n\u0131rl\u0131 olmaks\u0131z\u0131n, t\u0131bb\u00ee te\u015fhis, tedavi ve bak\u0131m hizmetlerinin y\u00fcr\u00fct\u00fclmesi, geli\u015ftirilmesi, sa\u011fl\u0131k hizmetleri ile finansman\u0131n\u0131n planlanmas\u0131 ve y\u00f6netimi, hasta memnuniyetinin artt\u0131r\u0131lmas\u0131, ara\u015ft\u0131r\u0131lmas\u0131 ve ba\u011fl\u0131 nedenler.<\/li>\n<\/ul>\n<p>\u0130lgili mevzuat uyar\u0131nca elde edilen ve i\u015flenen Ki\u015fisel Verileriniz ve\/veya \u00d6zel Nitelikli Ki\u015fisel Verileriniz, <strong>Uzm.Dr. \u00d6ZG\u00dcR OKTAY<\/strong>\u2019a ait fiziki ar\u015fivler ve\/veya bili\u015fim sistemlerine nakledilerek, hem dijital ortamda hem de fiziki ortamda yasal s\u00fcreleri boyunca muhafaza alt\u0131nda tutulabilecektir.<\/p>\n<p><strong>3- Ki\u015fisel Veri Aktar\u0131m\u0131<\/strong><\/p>\n<p>KVKK ve ilgili sa\u011fl\u0131k ve sigorta mevzuat\u0131 uyar\u0131nca uygun g\u00fcvenlik d\u00fczeyini temin etmeye y\u00f6nelik gerekli her t\u00fcrl\u00fc teknik ve idari tedbirlerin al\u0131nmas\u0131n\u0131 sa\u011flayarak, Ki\u015fisel Verilerinizi ve\/veya \u00d6zel Nitelikli Ki\u015fisel Verilerinizi 2. Maddede belirtilen ama\u00e7larla s\u0131n\u0131rl\u0131 olacak \u015fekilde; Sigortac\u0131l\u0131k Kanunu, Ticaret Kanunu, 6698 say\u0131l\u0131 Ki\u015fisel Verilerin Korunmas\u0131 Kanunu ve ilgili di\u011fer mevzuat h\u00fck\u00fcmlerinin izin verdi\u011fi ki\u015fi\/kurum ve\/veya kurulu\u015flar; \u00f6zel sigorta \u015firketleri, sa\u011fl\u0131k kurulu\u015flar\u0131, kons\u00fcltasyon ama\u00e7l\u0131 olarak di\u011fer sa\u011fl\u0131k hizmeti sunucular\u0131, bankalar, sand\u0131klar, vak\u0131flar; do\u011frudan\/dolayl\u0131 yurti\u00e7i\/yurtd\u0131\u015f\u0131 hissedarlar\u0131m\u0131z, denet\u00e7iler, dan\u0131\u015fmanlar, i\u015f ortaklar\u0131, faaliyetlerimizi y\u00fcr\u00fctmek \u00fczere s\u00f6zle\u015fmesel olarak hizmet ald\u0131\u011f\u0131m\u0131z ve\/veya hizmet verdi\u011fimiz, i\u015fbirli\u011fi yapt\u0131\u011f\u0131m\u0131z, yurt i\u00e7i\/yurt d\u0131\u015f\u0131 kurulu\u015flar ile di\u011fer ger\u00e7ek ve\/veya t\u00fczel \u00fc\u00e7\u00fcnc\u00fc ki\u015filere aktarabiliriz.<\/p>\n<p>A\u00e7\u0131k r\u0131zan\u0131z olmas\u0131 halinde \u00d6zel Nitelikli Ki\u015fisel Verileriniz aday hastalara muayenehanede g\u00f6sterilebilir. A\u00e7\u0131k r\u0131zan\u0131z olmas\u0131 halinde, i\u00e7inde foto\u011fraf ve videolar\u0131n\u0131z\u0131n da oldu\u011fu nitelikli sa\u011fl\u0131k verilerinizi uluslararas\u0131 bilimsel kurulu\u015flara aktar\u0131labiliriz.<\/p>\n<p>Hizmet alanlar\u0131m\u0131za ait ki\u015fisel verileriniz \u00f6zel sigorta \u015firketleri, Sa\u011fl\u0131k Bakanl\u0131\u011f\u0131 ve ba\u011fl\u0131 alt birimleri, Sosyal G\u00fcvenlik Kurumu, Emniyet Genel M\u00fcd\u00fcrl\u00fc\u011f\u00fc ve sair kolluk kuvvetleri, N\u00fcfus Genel M\u00fcd\u00fcrl\u00fc\u011f\u00fc, T\u00fcrkiye Eczac\u0131lar Birli\u011fi, TC Mahkemeleri ve her t\u00fcrl\u00fc yarg\u0131 makam\u0131, yetki vermi\u015f oldu\u011funuz temsilcileriniz, avukatlar, vergi ve finans dan\u0131\u015fmanlar\u0131 ve denet\u00e7iler de d\u00e2hil olmak \u00fczere dan\u0131\u015fmanl\u0131k ald\u0131\u011f\u0131m\u0131z \u00fc\u00e7\u00fcnc\u00fc ki\u015filer, d\u00fczenleyici ve denetleyici kurumlar, resmi merciler d\u00e2hil sa\u011fl\u0131k hizmetlerini geli\u015ftirmek veya y\u00fcr\u00fctmek \u00fczere i\u015fbirli\u011fi yapt\u0131\u011f\u0131m\u0131z i\u015f ortaklar\u0131m\u0131z ve di\u011fer \u00fc\u00e7\u00fcnc\u00fc ki\u015filer ile Kanun\u2019un 8. ve 9. maddelerinde belirtilen ki\u015fisel veri aktar\u0131m \u015fartlar\u0131 ve ama\u00e7lar\u0131 \u00e7er\u00e7evesinde yurt i\u00e7indeki \u00fc\u00e7\u00fcnc\u00fc ki\u015filere aktarabilece\u011fi gibi yurt d\u0131\u015f\u0131na da aktarabilecektir.<\/p>\n<p><strong>4- Ki\u015fisel Verilerin Toplanma Y\u00f6ntemi ve Hukuki Sebepleri<\/strong><\/p>\n<p>Ki\u015fisel Verileriniz, kanunlarda a\u00e7\u0131k\u00e7a \u00f6ng\u00f6r\u00fclmesi hukuki sebebine dayanarak, onam formu doldurulmas\u0131 suretiyle ya da s\u00f6zl\u00fc, yaz\u0131l\u0131, g\u00f6rsel ya da elektronik ortamda, telefon, sms, mms vb. telekom\u00fcnikasyon ileti\u015fim vas\u0131talar\u0131yla, Sosyal G\u00fcvenlik Kurumu sistemi \u00fczerinden online olarak, \u00f6zel sigorta \u015firketinden yararlanma halinde payla\u015f\u0131lan kay\u0131tlardan, g\u00f6nderdi\u011finiz e-postalar, \u00e7a\u011fr\u0131 merkezi arama kay\u0131tlar\u0131, internet sitesi, yaz\u0131l\u0131, bas\u0131l\u0131 ve benzeri kanallar arac\u0131l\u0131\u011f\u0131yla toplanmakta ve fiziki ve dijital ortamda saklanmaktad\u0131r.<\/p>\n<p>Ki\u015fisel Veriniz, KVKK md. 7\/f.1.\u2019e g\u00f6re i\u015flenmesini gerektiren ama\u00e7 ortadan kalkt\u0131\u011f\u0131nda ve\/veya saklama s\u00fcreleri doldu\u011funda, Ki\u015fisel Veriniz taraf\u0131m\u0131zca imha edilecektir (silme, yok etme veya anonim hale getirme y\u00f6ntemlerinden biriyle).<\/p>\n<p><strong>5- Ki\u015fisel Veri Sahibinin Haklar\u0131<\/strong><\/p>\n<p>Kanun\u2019un 11. maddesi uyar\u0131nca ki\u015fisel veri sahibi olarak a\u015fa\u011f\u0131daki haklara sahipsiniz:<\/p>\n<ul>\n<li>Ki\u015fisel verilerinizin i\u015flenip i\u015flenmedi\u011fini \u00f6\u011frenme,<\/li>\n<li>Ki\u015fisel verileriniz i\u015flenmi\u015fse buna ili\u015fkin bilgi talep etme,<\/li>\n<li>Ki\u015fisel verilerinizin i\u015flenme amac\u0131n\u0131 ve bunlar\u0131n amac\u0131na uygun kullan\u0131l\u0131p kullan\u0131lmad\u0131\u011f\u0131n\u0131 \u00f6\u011frenme,<\/li>\n<li>Yurt i\u00e7inde veya yurt d\u0131\u015f\u0131nda ki\u015fisel verilerinizin aktar\u0131ld\u0131\u011f\u0131 \u00fc\u00e7\u00fcnc\u00fc ki\u015fileri bilme,<\/li>\n<li>Ki\u015fisel verilerinizin eksik veya yanl\u0131\u015f i\u015flenmi\u015f olmas\u0131 h\u00e2linde bunlar\u0131n d\u00fczeltilmesini isteme ve bu kapsamda yap\u0131lan i\u015flemin ki\u015fisel verilerin aktar\u0131ld\u0131\u011f\u0131 \u00fc\u00e7\u00fcnc\u00fc ki\u015filere bildirilmesini isteme,<\/li>\n<li>Kanun ve ilgili di\u011fer kanun h\u00fck\u00fcmlerine uygun olarak i\u015flenmi\u015f olmas\u0131na ra\u011fmen, i\u015flenmesini gerektiren sebeplerin ortadan kalkmas\u0131 h\u00e2linde ki\u015fisel verilerinizin silinmesini veya yok edilmesini isteme ve bu kapsamda yap\u0131lan i\u015flemin ki\u015fisel verilerin aktar\u0131ld\u0131\u011f\u0131 \u00fc\u00e7\u00fcnc\u00fc ki\u015filere bildirilmesini isteme,<\/li>\n<li>\u0130\u015flenen verilerinizin m\u00fcnhas\u0131ran otomatik sistemler vas\u0131tas\u0131yla analiz edilmesi suretiyle ki\u015finin kendisi aleyhine bir sonucun ortaya \u00e7\u0131kmas\u0131na itiraz etme,<\/li>\n<li>Ki\u015fisel verilerinizin kanuna ayk\u0131r\u0131 olarak i\u015flenmesi sebebiyle zarara u\u011franmas\u0131 h\u00e2linde zarar\u0131n giderilmesini talep etme.<\/li>\n<\/ul>\n<p>Veri sahibi olarak, yukar\u0131da bahsi ge\u00e7en haklar\u0131n\u0131z\u0131 kullanmak i\u00e7in www.drozguroktay.com linkinde yer alan \u201cBA\u015eVURU FORMU\u201dnu kullanabilirsiniz.<\/p>\n<p>Ba\u015fvurular, ilgili veri sahibinin kimli\u011fini tespit edecek belgelerle birlikte, a\u015fa\u011f\u0131daki y\u00f6ntemlerden biri ile ger\u00e7ekle\u015ftirilecektir:<\/p>\n<ul>\n<li>Formun doldurularak \u0131slak imzal\u0131 kopyas\u0131n\u0131n elden, noter arac\u0131l\u0131\u011f\u0131 ile veya iadeli taahh\u00fctl\u00fc posta yoluyla <strong>\u201c\u00c7\u0131nar Mahallesi Fatih Caddesi No:1\/23 \u0130\u00e7 Kap\u0131 No:401 Bornova \u2013 \u0130zmir\u201d<\/strong> adresine iletilmesi,<\/li>\n<li>Formun <strong>ozguroktay@hotmail.com<\/strong> adresine kay\u0131tl\u0131 elektronik posta ile g\u00f6nderilmesi,<\/li>\n<li>Ki\u015fisel Verileri Koruma Kurulu taraf\u0131ndan \u00f6ng\u00f6r\u00fclen bir y\u00f6ntemin izlenmesi.<\/li>\n<\/ul>\n<p><strong>Uzm.Dr. \u00d6ZG\u00dcR OKTAY<\/strong>, Kanun\u2019da \u00f6ng\u00f6r\u00fclm\u00fc\u015f s\u0131n\u0131rlar \u00e7er\u00e7evesinde s\u00f6z konusu haklar\u0131 kullanmak isteyen veri sahiplerine, yine Kanun\u2019da \u00f6ng\u00f6r\u00fclen \u015fekilde azami otuz (30) g\u00fcn i\u00e7erisinde cevap vermektedir.<\/p>\n<p>Ba\u015fvurular\u0131n\u0131z kural olarak \u00fccretsiz olarak i\u015fleme al\u0131nmakla birlikte, evrak say\u0131s\u0131n\u0131n belli bir miktar\u0131 a\u015fmas\u0131 durumunda Ki\u015fisel Verileri Koruma Kurulu taraf\u0131ndan \u00f6ng\u00f6r\u00fclen \u00fccret tarifesi \u00fczerinden \u00fccretlendirme yap\u0131labilecektir.*<\/p>\n<p>&nbsp;<\/p>\n<p>&nbsp;<\/p>\n<p>&nbsp;<\/p>\n<p>&nbsp;<\/p>\n<p>&nbsp;<\/p>\n<p>&nbsp;<\/p>\n<p>___________________________________________________________________________<\/p>\n<p>*\u00a0 10.03.2018 tarih ve 30356 say\u0131l\u0131 Resmi Gazete\u2019de yay\u0131nlanan \u201cVeri Sorumlusuna Ba\u015fvuru Usul ve Esaslar\u0131 Hakk\u0131nda Tebli\u011f\u201d uyar\u0131nca, veri sahiplerinin ba\u015fvurusuna yaz\u0131l\u0131 olarak cevap verilecekse, on sayfaya kadar \u00fccret al\u0131nmaz. On sayfan\u0131n \u00fczerindeki her sayfa i\u00e7in 1 T\u00fcrk Liras\u0131 i\u015flem \u00fccreti al\u0131nabilir. Ba\u015fvuruya cevab\u0131n CD, flash bellek gibi bir kay\u0131t ortam\u0131nda verilmesi halinde talep edilebilecek \u00fccret kay\u0131t ortam\u0131n\u0131n maliyetini ge\u00e7emez.<\/p>\n","protected":false},"excerpt":{"rendered":"<p>UZM.DR. \u00d6ZG\u00dcR OKTAY K\u0130\u015e\u0130SEL VER\u0130LER\u0130N \u0130\u015eLENMES\u0130 VE KORUNMASINA \u0130L\u0130\u015eK\u0130N AYDINLATMA METN\u0130 De\u011ferli Misafirlerimiz \/ Hastalar\u0131m\u0131z, \u201c\u00c7\u0131nar Mahallesi Fatih Caddesi No:1\/23 \u0130\u00e7 Kap\u0131 No:401 Bornova \u2013 \u0130zmir\u201d<span class=\"excerpt-hellip\"> [\u2026]<\/span><\/p>\n","protected":false},"author":1,"featured_media":0,"parent":0,"menu_order":0,"comment_status":"closed","ping_status":"closed","template":"","meta":[],"_links":{"self":[{"href":"https:\/\/www.drozguroktay.com\/tr\/wp-json\/wp\/v2\/pages\/258"}],"collection":[{"href":"https:\/\/www.drozguroktay.com\/tr\/wp-json\/wp\/v2\/pages"}],"about":[{"href":"https:\/\/www.drozguroktay.com\/tr\/wp-json\/wp\/v2\/types\/page"}],"author":[{"embeddable":true,"href":"https:\/\/www.drozguroktay.com\/tr\/wp-json\/wp\/v2\/users\/1"}],"replies":[{"embeddable":true,"href":"https:\/\/www.drozguroktay.com\/tr\/wp-json\/wp\/v2\/comments?post=258"}],"version-history":[{"count":1,"href":"https:\/\/www.drozguroktay.com\/tr\/wp-json\/wp\/v2\/pages\/258\/revisions"}],"predecessor-version":[{"id":259,"href":"https:\/\/www.drozguroktay.com\/tr\/wp-json\/wp\/v2\/pages\/258\/revisions\/259"}],"wp:attachment":[{"href":"https:\/\/www.drozguroktay.com\/tr\/wp-json\/wp\/v2\/media?parent=258"}],"curies":[{"name":"wp","href":"https:\/\/api.w.org\/{rel}","templated":true}]}}