
{"id":264,"date":"2022-01-27T10:09:50","date_gmt":"2022-01-27T07:09:50","guid":{"rendered":"http:\/\/www.drozguroktay.com\/tr\/?page_id=264"},"modified":"2022-01-27T10:09:50","modified_gmt":"2022-01-27T07:09:50","slug":"cerez-politikasi","status":"publish","type":"page","link":"https:\/\/www.drozguroktay.com\/tr\/cerez-politikasi\/","title":{"rendered":"\u00c7erez Politikas\u0131"},"content":{"rendered":"<p><strong>UZM.DR. \u00d6ZG\u00dcR OKTAY<\/strong><\/p>\n<p><strong>\u0130NTERNET S\u0130TES\u0130 G\u0130ZL\u0130L\u0130K VE \u00c7EREZ POL\u0130T\u0130KASI<\/strong><\/p>\n<p>&nbsp;<\/p>\n<p>Uzm.Dr. \u00d6ZG\u00dcR OKTAY taraf\u0131ndan i\u015fletilen www.drozguroktay.com internet sitesini ziyaret edenlerin (\u201c<strong>Veri Sahibi<\/strong>\u201d) gizlili\u011fini korumak Uzm.Dr. \u00d6ZG\u00dcR OKTAY\u2019\u0131n \u00f6nde gelen ilkelerindendir. \u0130nternet Sitesi Gizlilik Politikas\u0131 (\u201c<strong>Politika<\/strong>\u201d) ile; Veri Sahiplerinin ki\u015fisel verilerinin i\u015flenmesi, \u00c7erez Politikas\u0131 ve \u0130nternet Sitesi Gizlilik Politikas\u0131n\u0131n y\u00fcr\u00fcrl\u00fc\u011f\u00fc hakk\u0131nda a\u00e7\u0131klamalar yap\u0131lmaktad\u0131r.<\/p>\n<ol>\n<li><strong>VER\u0130 SAH\u0130PLER\u0130N\u0130N K\u0130\u015e\u0130SEL VER\u0130LER\u0130N\u0130N \u0130\u015eLENMES\u0130<\/strong><\/li>\n<\/ol>\n<p>\u0130nternet sitemizi ziyaret etmeniz s\u0131ras\u0131nda elde edilen ki\u015fisel veriler, veri sorumlusu olarak Uzm.Dr. \u00d6ZG\u00dcR OKTAY taraf\u0131ndan 6698 say\u0131l\u0131 Ki\u015fisel Verilerin Korunmas\u0131 Kanunu (\u201c<strong>Kanun<\/strong>\u201d) uyar\u0131nca a\u015fa\u011f\u0131da a\u00e7\u0131klanan kapsamda i\u015flenebilecektir. Ki\u015fisel verilerinizin i\u015flenmesine ili\u015fkin detayl\u0131 bilgilere <strong>www.drozguroktay.com<\/strong> internet adresinden ula\u015fabilirsiniz.<\/p>\n<ol start=\"2\">\n<li><strong>K\u0130\u015e\u0130SEL VER\u0130LER\u0130N\u0130Z\u0130N \u0130\u015eLENME AMACI<\/strong><\/li>\n<\/ol>\n<p>\u0130nternet Sitemizi ziyaret etmeniz dolay\u0131s\u0131yla elde edilen ki\u015fisel verileriniz a\u015fa\u011f\u0131da s\u0131ralanan ama\u00e7larla Uzm.Dr. \u00d6ZG\u00dcR OKTAY taraf\u0131ndan Kanun\u2019un 5. ve 6. maddelerine uygun olarak i\u015flenebilecektir:<\/p>\n<ul>\n<li>Uzm.Dr. \u00d6ZG\u00dcR OKTAY taraf\u0131ndan y\u00fcr\u00fct\u00fclen faaliyetlerin ger\u00e7ekle\u015ftirilmesi i\u00e7in gerekli \u00e7al\u0131\u015fmalar\u0131n yap\u0131lmas\u0131 ve buna ba\u011fl\u0131 i\u015f s\u00fcre\u00e7lerinin y\u00fcr\u00fct\u00fclmesi,<\/li>\n<li>Uzm.Dr. \u00d6ZG\u00dcR OKTAY taraf\u0131ndan sunulan hizmetlerden hastalar\u0131 faydaland\u0131rmak i\u00e7in gerekli \u00e7al\u0131\u015fmalar\u0131n i\u015f birimlerimiz taraf\u0131ndan yap\u0131lmas\u0131 ve ilgili i\u015f s\u00fcre\u00e7lerinin y\u00fcr\u00fct\u00fclmesi,<\/li>\n<li>Uzm.Dr. \u00d6ZG\u00dcR OKTAY taraf\u0131ndan sunulan hizmetlerin hastalar\u0131n be\u011feni, kullan\u0131m al\u0131\u015fkanl\u0131klar\u0131 ve ihtiya\u00e7lar\u0131na g\u00f6re \u00f6zelle\u015ftirilerek ilgili ki\u015filere \u00f6nerilmesi ve tan\u0131t\u0131lmas\u0131 i\u00e7in gerekli olan aktivitelerin planlanmas\u0131 ve icras\u0131<\/li>\n<\/ul>\n<ol start=\"3\">\n<li><strong>K\u0130\u015e\u0130SEL VER\u0130LER\u0130N\u0130Z\u0130N AKTARILDI\u011eI TARAFLAR VE AKTARIM AMACI<\/strong><\/li>\n<\/ol>\n<p>\u0130nternet sitemizi ziyaret etmeniz dolay\u0131s\u0131yla elde edilen ki\u015fisel verileriniz, ki\u015fisel verilerinizin i\u015flenme ama\u00e7lar\u0131 do\u011frultusunda, kanunen yetkili kamu kurum ve kurulu\u015flar\u0131 ile hukuken yetkili \u00f6zel hukuk t\u00fczel ki\u015filerine KVK Kanunu\u2019nun 8. ve 9. maddelerinde belirtilen ki\u015fisel veri i\u015fleme \u015fartlar\u0131 ve ama\u00e7lar\u0131 dahilinde aktar\u0131labilecektir.<\/p>\n<ol start=\"4\">\n<li><strong>K\u0130\u015e\u0130SEL VER\u0130LER\u0130N\u0130Z\u0130N TOPLANMA Y\u00d6NTEM\u0130 VE HUKUK\u0130 SEBEB\u0130<\/strong><\/li>\n<\/ol>\n<p>Kimli\u011finizi belirli ya da belirlenebilir k\u0131lan her t\u00fcrl\u00fc bilgi \u201c<strong>ki\u015fisel veri<\/strong>\u201ddir. \u0130nternet sitemizi ziyaretiniz kapsam\u0131nda ki\u015fisel verileriniz Kanun\u2019da yer alan veri i\u015fleme \u015fartlar\u0131na uygun olarak \u0130nternet Sitemizi ziyaret etmeniz dolay\u0131s\u0131yla teknik ileti\u015fim dosyalar\u0131 olan \u00e7erezler (<em>cookies)\u00a0<\/em>vas\u0131tas\u0131yla toplanmaktad\u0131r.<\/p>\n<ol start=\"5\">\n<li><strong>VER\u0130 SAH\u0130PLER\u0130N\u0130N HAKLARI<\/strong><\/li>\n<\/ol>\n<p>Ki\u015fisel veri sahibi olarak Kanun\u2019un 11. maddesi uyar\u0131nca a\u015fa\u011f\u0131daki haklara sahip oldu\u011funuzu bildiririz:<\/p>\n<ul>\n<li>Ki\u015fisel verilerinizin i\u015flenip i\u015flenmedi\u011fini \u00f6\u011frenme,<\/li>\n<li>Ki\u015fisel verileriniz i\u015flenmi\u015fse buna ili\u015fkin bilgi talep etme,<\/li>\n<li>Ki\u015fisel verilerinizin i\u015flenme amac\u0131n\u0131 ve bunlar\u0131n amac\u0131na uygun kullan\u0131l\u0131p kullan\u0131lmad\u0131\u011f\u0131n\u0131 \u00f6\u011frenme,<\/li>\n<li>Yurt i\u00e7inde veya yurt d\u0131\u015f\u0131nda ki\u015fisel verilerinizin aktar\u0131ld\u0131\u011f\u0131 \u00fc\u00e7\u00fcnc\u00fc ki\u015fileri bilme,<\/li>\n<li>Ki\u015fisel verilerinizin eksik veya yanl\u0131\u015f i\u015flenmi\u015f olmas\u0131 h\u00e2linde bunlar\u0131n d\u00fczeltilmesini isteme ve bu kapsamda yap\u0131lan i\u015flemin ki\u015fisel verilerinizin aktar\u0131ld\u0131\u011f\u0131 \u00fc\u00e7\u00fcnc\u00fc ki\u015filere bildirilmesini isteme,<\/li>\n<li>Kanun\u2019a ve ilgili di\u011fer kanun h\u00fck\u00fcmlerine uygun olarak i\u015flenmi\u015f olmas\u0131na ra\u011fmen, i\u015flenmesini gerektiren sebeplerin ortadan kalkmas\u0131 h\u00e2linde ki\u015fisel verilerin silinmesini veya yok edilmesini isteme ve bu kapsamda yap\u0131lan i\u015flemin ki\u015fisel verilerinizin aktar\u0131ld\u0131\u011f\u0131 \u00fc\u00e7\u00fcnc\u00fc ki\u015filere bildirilmesini isteme,<\/li>\n<li>\u0130\u015flenen verilerin m\u00fcnhas\u0131ran otomatik sistemler vas\u0131tas\u0131yla analiz edilmesi suretiyle aleyhinize bir sonucun ortaya \u00e7\u0131kmas\u0131 durumunda buna itiraz etme,<\/li>\n<li>Ki\u015fisel verilerinizin kanuna ayk\u0131r\u0131 olarak i\u015flenmesi sebebiyle zarara u\u011framan\u0131z h\u00e2linde zarar\u0131n giderilmesini talep etme.<\/li>\n<\/ul>\n<p>Yukar\u0131da s\u0131ralanan haklar\u0131n\u0131za y\u00f6nelik ba\u015fvurular\u0131n\u0131z\u0131, www.drozguroktay.com adresinden ula\u015fabilece\u011finiz <strong>Ba\u015fvuru Formu<\/strong>\u2019nu doldurarak Uzm.Dr. \u00d6ZG\u00dcR OKTAY\u2019a iletebilirsiniz.\u00a0 Talebinizin niteli\u011fine g\u00f6re en k\u0131sa s\u00fcrede ve en ge\u00e7 otuz g\u00fcn i\u00e7inde ba\u015fvurular\u0131n\u0131z \u00fccretsiz olarak sonu\u00e7land\u0131r\u0131lacakt\u0131r; ancak i\u015flemin ayr\u0131ca bir maliyet gerektirmesi halinde Ki\u015fisel Verileri Koruma Kurulu taraf\u0131ndan belirlenecek tarifeye g\u00f6re taraf\u0131n\u0131zdan \u00fccret talep edilebilecektir.<\/p>\n<ol start=\"6\">\n<li><strong>\u00c7EREZ POL\u0130T\u0130KASI HAKKINDA<\/strong><\/li>\n<\/ol>\n<p>Bu \u00c7erez Politikas\u0131, \u00e7erezlerin ne oldu\u011funu ve bunlar\u0131 nas\u0131l kulland\u0131\u011f\u0131m\u0131z\u0131 a\u00e7\u0131klar. Bir\u00e7ok internet sitesinde oldu\u011fu gibi internet sitesi kullan\u0131c\u0131lar\u0131n\u0131n ziyaret deneyimlerini iyile\u015ftirmek ve hizmet kalitesini art\u0131rmak amac\u0131yla \u00e7erez vb. teknolojiler kullan\u0131lmaktad\u0131r. \u0130\u015fbu \u00c7erez Politikas\u0131 internet sitesi kullan\u0131c\u0131lar\u0131n\u0131 \u00e7erezlere ve kullan\u0131lan \u00e7erez t\u00fcrlerine ili\u015fkin olarak bilgilendirmek ve \u00e7erez tercihlerinin nas\u0131l y\u00f6netilebilece\u011fi konular\u0131nda yol g\u00f6stermek amac\u0131yla haz\u0131rlanm\u0131\u015ft\u0131r.<\/p>\n<p>\u00c7erez kullan\u0131m\u0131n\u0131 onaylam\u0131yorsan\u0131z internet sitesine devam etmemenizi ya da \u00e7erez tercihlerinizi bu Politika\u2019da g\u00f6sterildi\u011fi \u015fekilde de\u011fi\u015ftirmenizi rica ederiz. \u00c7erezlere izin verilmemesi halinde internet sitesinin baz\u0131 \u00f6zelliklerinin i\u015flevselli\u011fini yitirebilece\u011fini hat\u0131rlatmak isteriz.<\/p>\n<p><strong>\u00c7erez Nedir?<\/strong><\/p>\n<p>\u00c7erezler, bir internet sitesini ziyaret etti\u011finizde taray\u0131c\u0131lar arac\u0131l\u0131\u011f\u0131yla cihaz\u0131n\u0131za veya a\u011f sunucusuna depolanan k\u00fc\u00e7\u00fck metin dosyalar\u0131d\u0131r. Bu dosyalarda IP adresiniz, oturum bilgileriniz, eri\u015fti\u011finiz sayfalar vb. veriler saklan\u0131r. \u00c7erezler sayesinde internet sitesi tercihleriniz hat\u0131rlanabilir, oturumunuzun a\u00e7\u0131k tutulmas\u0131 sa\u011flanabilir ya da size ilgilendi\u011finiz i\u00e7erik sunulabilir. B\u00f6ylece internet sitesini daha g\u00fcvenli hale getirmemize, daha iyi bir kullan\u0131c\u0131 deneyimi sunmam\u0131za ve internet sitesinin nas\u0131l performans g\u00f6sterdi\u011fini ve neyin i\u015fe yarad\u0131\u011f\u0131n\u0131 ve iyile\u015ftirilmesi gereken yerleri analiz etmemizi sa\u011flar.<\/p>\n<p>\u0130nternet sitemizden en verimli \u015fekilde faydalanabilmeniz ve kullan\u0131c\u0131 deneyiminizi\u00a0geli\u015ftirebilmek i\u00e7in \u00c7erez kullan\u0131yoruz. \u00c7erez kullan\u0131lmas\u0131n\u0131 tercih etmezseniz\u00a0taray\u0131c\u0131n\u0131z\u0131n ayarlar\u0131ndan \u00c7erezleri silebilir ya da engelleyebilirsiniz. Taray\u0131c\u0131n\u0131zdan \u00c7erez\u00a0ayarlar\u0131n\u0131z\u0131 de\u011fi\u015ftirmedi\u011finiz s\u00fcrece bu sitede \u00e7erez kullan\u0131m\u0131n\u0131 kabul etti\u011finizi\u00a0varsayaca\u011f\u0131z.<\/p>\n<p><strong>\u00c7erez T\u00fcrleri<\/strong><\/p>\n<p>\u00c7erezler cihazlarda depolanma s\u00fcreleri ve kimin taraf\u0131ndan yerle\u015ftirildikleri gibi kriterlere g\u00f6re farkl\u0131 t\u00fcrlere ayr\u0131lmaktad\u0131r. Bu kriterler kapsam\u0131nda temel ayr\u0131m \u015fu \u015fekildedir:<\/p>\n<p><strong>Oturum \u00c7erezleri:<\/strong> Oturum \u00e7erezleri, ge\u00e7ici \u00e7erezler olup taray\u0131c\u0131y\u0131 kapatt\u0131ktan sonra cihazdan silinirler. Bu \u00e7erezlerin ana i\u015flevi web sitesinin d\u00fczg\u00fcn bir \u015fekilde \u00e7al\u0131\u015fmas\u0131n\u0131 sa\u011flamakt\u0131r.<\/p>\n<p><strong>Kal\u0131c\u0131 \u00c7erezler:<\/strong> Kal\u0131c\u0131 \u00e7erezler taray\u0131c\u0131y\u0131 kapatt\u0131ktan sonra da kullan\u0131c\u0131 taraf\u0131ndan silininceye ya da s\u00fcresi doluncaya dek cihazda kalmaya devam ederler.<\/p>\n<p><strong>Birinci Taraf \u00c7erezler:<\/strong> Birinci taraf \u00e7erezler ziyaret edilen web sitesi operat\u00f6r\u00fc taraf\u0131ndan\u00a0\u00a0\u00a0 cihaza yerle\u015ftirilen \u00e7erezlerdir.<\/p>\n<p><strong>\u00dc\u00e7\u00fcnc\u00fc Taraf \u00c7erezler:<\/strong> \u00dc\u00e7\u00fcnc\u00fc taraf \u00e7erezler ziyaret edilen web sitesi operat\u00f6r\u00fc d\u0131\u015f\u0131ndaki\u00a0\u00a0\u00a0 ki\u015filer taraf\u0131ndan cihaza yerle\u015ftirilen ve kontrol edilen \u00e7erezlerdir.<\/p>\n<ol start=\"7\">\n<li><strong>NE T\u00dcR \u00c7EREZLER KULLANIYORUZ?<\/strong><\/li>\n<\/ol>\n<p>\u0130nternet sitemiz \u00e7evrimi\u00e7i hizmetlerin \u00e7o\u011fu gibi, bir dizi ama\u00e7 i\u00e7in \u00fc\u00e7\u00fcnc\u00fc taraf \u00e7erezleri kullan\u0131r. \u0130nternet sitemizde kullan\u0131lan \u00fc\u00e7\u00fcnc\u00fc taraf \u00e7erezleri, temel olarak internet sitesinin nas\u0131l performans g\u00f6sterdi\u011fini, internet sitemizle nas\u0131l etkile\u015fimde bulundu\u011funuzu, hizmetlerimizi g\u00fcvende tutmak, sizinle alakal\u0131 reklamlar sunmak ve size daha iyi bir hizmet sunmak i\u00e7in kullan\u0131l\u0131r. Kullan\u0131c\u0131 deneyimi ve internet sitemizle gelecekteki etkile\u015fimlerinizi h\u0131zland\u0131rmaya yard\u0131mc\u0131 olur.<\/p>\n<table>\n<tbody>\n<tr>\n<td width=\"176\"><strong>Oturum \u00c7erezleri<\/strong><\/p>\n<p><strong><em>(Session Cookies)<\/em><\/strong><\/td>\n<td colspan=\"2\" width=\"437\">Oturum \u00e7erezleri ziyaret\u00e7ilerimizin \u0130nternet Sitesini ziyaretleri s\u00fcresince kullan\u0131lan, taray\u0131c\u0131 kapat\u0131ld\u0131ktan sonra silinen ge\u00e7ici \u00e7erezlerdir.<\/p>\n<p>Bu t\u00fcr \u00e7erezlerin kullan\u0131lmas\u0131n\u0131n temel amac\u0131 ziyaretiniz s\u00fcresince \u0130nternet Sitesinin d\u00fczg\u00fcn bir bi\u00e7imde \u00e7al\u0131\u015fmas\u0131n\u0131n teminini sa\u011flamakt\u0131r.<\/p>\n<p>\u00d6rne\u011fin; birden fazla sayfadan olu\u015fan \u00e7evrimi\u00e7i formlar\u0131 doldurman\u0131z\u0131n sa\u011flanmaktad\u0131r.<\/td>\n<\/tr>\n<tr>\n<td width=\"176\"><strong>Kal\u0131c\u0131 \u00c7erezler<\/strong><\/p>\n<p><strong><em>(Persistent Cookies)<\/em><\/strong><\/td>\n<td colspan=\"2\" width=\"437\">Kal\u0131c\u0131 \u00e7erezler \u0130nternet Sitesinin i\u015flevselli\u011fini art\u0131rmak, ziyaret\u00e7ilerimize daha h\u0131zl\u0131 ve iyi bir hizmet sunmak amac\u0131yla kullan\u0131lan \u00e7erez t\u00fcrleridir.<\/p>\n<p>Bu t\u00fcr \u00e7erezler tercihlerinizi hat\u0131rlamak i\u00e7in kullan\u0131l\u0131r ve taray\u0131c\u0131lar vas\u0131tas\u0131yla cihaz\u0131n\u0131zda depolan\u0131r.<\/p>\n<p>Kal\u0131c\u0131 \u00e7erezlerin baz\u0131 t\u00fcrleri; \u0130nternet Sitesini kullan\u0131m amac\u0131n\u0131z gibi hususlar g\u00f6z \u00f6n\u00fcnde bulundurarak sizlere \u00f6zel \u00f6neriler sunulmas\u0131 i\u00e7in kullan\u0131labilmektedir. Kal\u0131c\u0131 \u00e7erezler sayesinde \u0130nternet Sitemizi ayn\u0131 cihazla tekrardan ziyaret etmeniz durumunda, cihaz\u0131n\u0131zda \u0130nternet Sitemiz taraf\u0131ndan olu\u015fturulmu\u015f bir \u00e7erez olup olmad\u0131\u011f\u0131 kontrol edilir ve var ise, sizin siteyi daha \u00f6nce ziyaret etti\u011finiz anla\u015f\u0131l\u0131r ve size iletilecek i\u00e7erik bu do\u011frultuda belirlenir ve b\u00f6ylelikle sizlere daha iyi bir hizmet sunulur.<\/td>\n<\/tr>\n<tr>\n<td width=\"176\"><strong>Teknik \u00c7erezler<\/strong><\/p>\n<p><strong>(<em>Technical Cookies<\/em>)<\/strong><\/p>\n<p>&nbsp;<\/td>\n<td width=\"433\">Teknik \u00e7erezler ile internet sitesinin \u00e7al\u0131\u015fmas\u0131n\u0131n sa\u011flanmakta, internet sitesinin \u00e7al\u0131\u015fmayan sayfalar\u0131 ve alanlar\u0131 tespit edilmektedir.<\/td>\n<td width=\"2\">&nbsp;<\/td>\n<\/tr>\n<tr>\n<td width=\"176\"><strong>Otantikasyon \u00c7erezleri<\/strong><\/p>\n<p><strong>(<em>Authentication Cookies<\/em>)<\/strong><\/td>\n<td width=\"433\">Ziyaret\u00e7iler, \u015fifrelerini kullanarak internet sitesine giri\u015f yapmalar\u0131 durumunda, bu t\u00fcr \u00e7erezler ile, ziyaret\u00e7inin internet sitesinde ziyaret etti\u011fi her bir sayfada site kullan\u0131c\u0131s\u0131 oldu\u011fu belirlenerek, kullan\u0131c\u0131n\u0131n her sayfada \u015fifresini yeniden girmesi \u00f6nlenir.<\/td>\n<td width=\"2\">&nbsp;<\/td>\n<\/tr>\n<tr>\n<td width=\"176\"><strong>Flash \u00c7erezleri<\/strong><\/p>\n<p><strong>(<em>Flash Cookies)<\/em><\/strong><\/td>\n<td width=\"433\">\u0130nternet sitesinde yer alan g\u00f6r\u00fcnt\u00fc veya ses i\u00e7eriklerini etkinle\u015ftirmek i\u00e7in kullan\u0131lan \u00e7erez t\u00fcrleridir.<\/td>\n<td width=\"2\">&nbsp;<\/td>\n<\/tr>\n<tr>\n<td width=\"176\"><strong>Ki\u015fiselle\u015ftirme \u00c7erezleri<\/strong><\/p>\n<p><strong>(<em>Customization Cookies)<\/em><\/strong><\/td>\n<td width=\"433\">&nbsp;<\/p>\n<p>Kullan\u0131c\u0131lar\u0131n tercihlerini farkl\u0131 internet sitesinin farkl\u0131 sayfalar\u0131n\u0131 ziyarette de hat\u0131rlamak i\u00e7in kullan\u0131lan \u00e7erezlerdir. \u00d6rne\u011fin, se\u00e7mi\u015f oldu\u011funuz dil tercihinizin hat\u0131rlanmas\u0131.<\/p>\n<p>&nbsp;<\/td>\n<td width=\"2\">&nbsp;<\/td>\n<\/tr>\n<tr>\n<td width=\"176\"><strong>Analitik \u00c7erezler<\/strong><\/p>\n<p><strong>(<em>Analytical Cookies)<\/em><\/strong><\/td>\n<td width=\"433\">&nbsp;<\/p>\n<p>Analitik \u00e7erezler ile internet sitesini ziyaret edenlerin say\u0131lar\u0131, internet sitesinde g\u00f6r\u00fcnt\u00fclenen sayfalar\u0131n tespiti, internet sitesi ziyaret saatleri, internet sitesi sayfalar\u0131 kayd\u0131rma hareketleri gibi analitik sonu\u00e7lar\u0131n \u00fcretimini sa\u011flayan \u00e7erezlerdir.<\/p>\n<p>&nbsp;<\/td>\n<td width=\"2\">&nbsp;<\/td>\n<\/tr>\n<\/tbody>\n<\/table>\n<p>\u0130nternet Sitemizde \u00e7erez kullan\u0131lmas\u0131n\u0131n ba\u015fl\u0131ca ama\u00e7lar\u0131 a\u015fa\u011f\u0131da s\u0131ralanmaktad\u0131r:<\/p>\n<p>\u2013 \u0130nternet sitesinin i\u015flevselli\u011fini ve performans\u0131n\u0131 artt\u0131rmak yoluyla sizlere sunulan hizmetleri geli\u015ftirmek,<\/p>\n<p>\u2013 \u0130nternet Sitesini iyile\u015ftirmek ve \u0130nternet Sitesi \u00fczerinden yeni \u00f6zellikler sunmak ve sunulan \u00f6zellikleri sizlerin tercihlerine g\u00f6re ki\u015fiselle\u015ftirmek;<\/p>\n<p>\u2013 \u0130nternet Sitesinin, sizin ve Uzm.Dr. \u00d6ZG\u00dcR OKTAY\u2019\u0131n ticari g\u00fcvenli\u011finin teminini sa\u011flamak.<\/p>\n<ol start=\"8\">\n<li><strong>\u00c7EREZ TERC\u0130HLER\u0130N\u0130 NASIL KONTROL EDEB\u0130L\u0130R\u0130M?<\/strong><\/li>\n<\/ol>\n<p>\u00c7erezleri kulland\u0131\u011f\u0131n\u0131z taray\u0131c\u0131n\u0131n ayarlar\u0131n\u0131 de\u011fi\u015ftirerek ki\u015fiselle\u015ftirmeniz ya da tamamen engellemeniz m\u00fcmk\u00fcnd\u00fcr. Farkl\u0131 taray\u0131c\u0131lar i\u00e7in izlenmesi gereken ad\u0131mlara ili\u015fkin detayl\u0131 bilgiye a\u015fa\u011f\u0131daki linklerden ula\u015fabilirsiniz:<\/p>\n<table width=\"629\">\n<tbody>\n<tr>\n<td width=\"75\"><strong>Taray\u0131c\u0131 Ad\u0131<\/strong><\/td>\n<td width=\"554\"><strong>Link<\/strong><\/td>\n<\/tr>\n<tr>\n<td width=\"75\">Google Chrome<\/td>\n<td width=\"554\"><a href=\"https:\/\/support.google.com\/chrome\/answer\/95647?co=GENIE.Platform%3DDesktop&amp;hl=tr\">https:\/\/support.google.com\/chrome\/answer\/95647?co=GENIE.Platform%3DDesktop&amp;hl=tr<\/a><\/td>\n<\/tr>\n<tr>\n<td width=\"75\">Internet Explorer<\/td>\n<td width=\"554\"><a href=\"https:\/\/support.microsoft.com\/tr-tr\/help\/17442\/windows-internet-explorer-delete-manage-cookies\">https:\/\/support.microsoft.com\/tr-tr\/help\/17442\/windows-internet-explorer-delete-manage-cookies<\/a><\/td>\n<\/tr>\n<tr>\n<td width=\"75\">Mozilla Firefox<\/td>\n<td width=\"554\"><a href=\"https:\/\/support.mozilla.org\/tr\/kb\/cerezleri-silme-web-sitelerinin-bilgilerini-kaldirma\">https:\/\/support.mozilla.org\/tr\/kb\/cerezleri-silme-web-sitelerinin-bilgilerini-kaldirma<\/a><\/td>\n<\/tr>\n<tr>\n<td width=\"75\">Yandex<\/td>\n<td width=\"554\"><a href=\"https:\/\/yandex.com.tr\/support\/browser-classic\/personal-data-protection\/cookies.xml\">https:\/\/yandex.com.tr\/support\/browser-classic\/personal-data-protection\/cookies.xml<\/a><\/td>\n<\/tr>\n<tr>\n<td width=\"75\">Safari<\/td>\n<td width=\"554\"><a href=\"https:\/\/support.apple.com\/kb\/PH21411?locale=tr_TR\">https:\/\/support.apple.com\/kb\/PH21411?locale=tr_TR<\/a><\/td>\n<\/tr>\n<tr>\n<td width=\"75\">Adobe Analytics<\/td>\n<td width=\"554\"><a href=\"http:\/\/www.adobe.com\/uk\/privacy\/opt-out.html\">http:\/\/www.adobe.com\/uk\/privacy\/opt-out.html<\/a><\/td>\n<\/tr>\n<tr>\n<td width=\"75\">AOL<\/td>\n<td width=\"554\"><a href=\"https:\/\/help.aol.com\/articles\/restore-security-settings-and-enable-cookie-settings-on-browser\">https:\/\/help.aol.com\/articles\/restore-security-settings-and-enable-cookie-settings-on-browser<\/a><\/td>\n<\/tr>\n<tr>\n<td width=\"75\">Opera<\/td>\n<td width=\"554\"><a href=\"http:\/\/www.opera.com\/browser\/tutorials\/security\/privacy\">http:\/\/www.opera.com\/browser\/tutorials\/security\/privacy<\/a><\/td>\n<\/tr>\n<tr>\n<td width=\"75\">&nbsp;<\/td>\n<td width=\"554\">&nbsp;<\/td>\n<\/tr>\n<\/tbody>\n<\/table>\n<p>&nbsp;<\/p>\n<p>&nbsp;<\/p>\n<ol start=\"9\">\n<li><strong>\u0130NTERNET S\u0130TES\u0130 G\u0130ZL\u0130L\u0130K POL\u0130T\u0130KASI\u2019NIN Y\u00dcR\u00dcRL\u00dc\u011e\u00dc<\/strong><\/li>\n<\/ol>\n<p>\u0130nternet Sitesi Gizlilik Politikas\u0131 30.12.2021 tarihlidir. Politikan\u0131n t\u00fcm\u00fcn\u00fcn veya belirli maddelerinin yenilenmesi durumunda Politikan\u0131n y\u00fcr\u00fcrl\u00fck tarihi g\u00fcncellenecektir.<\/p>\n<p>Politika, Uzm.Dr. \u00d6ZG\u00dcR OKTAY\u2019\u0131n internet sitesinde (www.drozguroktay.com) yay\u0131mlan\u0131r ve ki\u015fisel veri sahiplerinin talebi \u00fczerine ilgili ki\u015filerin eri\u015fimine sunulur.<\/p>\n","protected":false},"excerpt":{"rendered":"<p>UZM.DR. \u00d6ZG\u00dcR OKTAY \u0130NTERNET S\u0130TES\u0130 G\u0130ZL\u0130L\u0130K VE \u00c7EREZ POL\u0130T\u0130KASI &nbsp; Uzm.Dr. \u00d6ZG\u00dcR OKTAY taraf\u0131ndan i\u015fletilen www.drozguroktay.com internet sitesini ziyaret edenlerin (\u201cVeri Sahibi\u201d) gizlili\u011fini korumak Uzm.Dr. \u00d6ZG\u00dcR<span class=\"excerpt-hellip\"> [\u2026]<\/span><\/p>\n","protected":false},"author":1,"featured_media":0,"parent":0,"menu_order":0,"comment_status":"closed","ping_status":"closed","template":"","meta":[],"_links":{"self":[{"href":"https:\/\/www.drozguroktay.com\/tr\/wp-json\/wp\/v2\/pages\/264"}],"collection":[{"href":"https:\/\/www.drozguroktay.com\/tr\/wp-json\/wp\/v2\/pages"}],"about":[{"href":"https:\/\/www.drozguroktay.com\/tr\/wp-json\/wp\/v2\/types\/page"}],"author":[{"embeddable":true,"href":"https:\/\/www.drozguroktay.com\/tr\/wp-json\/wp\/v2\/users\/1"}],"replies":[{"embeddable":true,"href":"https:\/\/www.drozguroktay.com\/tr\/wp-json\/wp\/v2\/comments?post=264"}],"version-history":[{"count":1,"href":"https:\/\/www.drozguroktay.com\/tr\/wp-json\/wp\/v2\/pages\/264\/revisions"}],"predecessor-version":[{"id":265,"href":"https:\/\/www.drozguroktay.com\/tr\/wp-json\/wp\/v2\/pages\/264\/revisions\/265"}],"wp:attachment":[{"href":"https:\/\/www.drozguroktay.com\/tr\/wp-json\/wp\/v2\/media?parent=264"}],"curies":[{"name":"wp","href":"https:\/\/api.w.org\/{rel}","templated":true}]}}