
{"id":293,"date":"2023-01-13T10:53:27","date_gmt":"2023-01-13T07:53:27","guid":{"rendered":"https:\/\/www.drozguroktay.com\/tr\/?page_id=293"},"modified":"2023-01-13T11:01:48","modified_gmt":"2023-01-13T08:01:48","slug":"kac-cesit-nodul-vardir","status":"publish","type":"page","link":"https:\/\/www.drozguroktay.com\/tr\/kac-cesit-nodul-vardir\/","title":{"rendered":"Ka\u00e7 \u00c7e\u015fit Nod\u00fcl Vard\u0131r?"},"content":{"rendered":"<p>[vc_row][vc_column][vc_column_text]<\/p>\n<h3 style=\"text-align: center;\"><strong>Ka\u00e7 \u00e7e\u015fit nod\u00fcl vard\u0131r?<\/strong><\/h3>\n<p style=\"text-align: center;\">Tiroid nod\u00fclleri hormon salg\u0131lama derecelerine g\u00f6re s\u0131cak, \u0131l\u0131k ve so\u011fuk olarak \u00fc\u00e7e ayr\u0131l\u0131rlar. S\u0131cak nod\u00fcller normal tiroid dokusuna g\u00f6re daha fazla, \u0131l\u0131k nod\u00fcller normal tiroid dokusu kadar, so\u011fuk nod\u00fcller ise normal tiroid dokusundan daha az hormon salg\u0131larlar. Il\u0131k ve so\u011fuk nod\u00fcller kanda hormon seviyesinde bir de\u011fi\u015fikli\u011fe yol a\u00e7mazlar, ancak s\u0131cak nod\u00fcller hipertiroidi ad\u0131 verilen bir klinik tabloya neden olurlar. Bir tiroid nod\u00fcl\u00fcn\u00fcn hormon salg\u0131lama derecesi tiroid sintigrafisi ile anla\u015f\u0131l\u0131r. Sintigrafide s\u0131cak nod\u00fcller \u00e7ok koyu, \u0131l\u0131k nod\u00fcller normal, so\u011fuk nod\u00fcller ise a\u00e7\u0131k renk olarak g\u00f6r\u00fcl\u00fcrler. Sintigrafi, genellikle kanda tiroid hormonlar\u0131 y\u00fcksek bulunan hastalarda, tiroidde hangi nod\u00fcl\u00fcn a\u015f\u0131r\u0131 hormon \u00fcretti\u011fini anlamak i\u00e7in yap\u0131l\u0131r.<\/p>\n<h3 style=\"text-align: center;\"><strong>Nas\u0131l te\u015fhis edilirler?<\/strong><\/h3>\n<p style=\"text-align: center;\">Tiroid nod\u00fcllerinin %90 dan fazlas\u0131 iyi huyludur, ancak %5-10 aras\u0131nda da k\u00f6t\u00fc huylu (kanser) olabilirler. Tiroid nod\u00fclleri genellikle tiroid ultrasonografisi ile saptan\u0131rlar. Tiroid ultrasonografisi, tiroid bezini ve nod\u00fclleri en iyi g\u00f6r\u00fcnt\u00fcleyen y\u00f6ntemdir. Tiroid ultrasonu sadece nod\u00fclleri g\u00f6stermekle kalmaz, ayn\u0131 zamanda onlar\u0131n kanser olma olas\u0131l\u0131\u011f\u0131 konusunda da fikir verir. Genel olarak, d\u00fczensiz kenarl\u0131, siyah renkli, kanlanmas\u0131 fazla ve kire\u00e7lenme alanlar\u0131 i\u00e7eren nod\u00fcllerin kanser olma ihtimali daha fazlad\u0131r. Tiroid ultrasonunda bir nod\u00fclde bu \u00f6zellikler ne kadar fazlaysa o nod\u00fcl\u00fcn kanser olma ihtimali de o kadar y\u00fcksektir.<\/p>\n<p style=\"text-align: center;\">Tiroid bezinde saptanan bir nod\u00fcl\u00fcn iyi huylu mu yoksa kanser mi oldu\u011funu anlaman\u0131n en basit ve g\u00fcvenilir yolu ince i\u011fne aspirasyon biyopsisi (\u0130\u0130AB) yap\u0131lmas\u0131d\u0131r. Giri\u015fimsel radyologlar taraf\u0131ndan lokal anestezi alt\u0131nda, ultrason k\u0131lavuzlu\u011funda yap\u0131lan ve sadece birka\u00e7 dakika s\u00fcren bu a\u011fr\u0131s\u0131z i\u015flemde, nod\u00fcle \u00e7ok ince bir i\u011fne ile girilerek enjekt\u00f6re vakum uygulan\u0131r ve dokudan h\u00fccreler al\u0131n\u0131r. Daha sonra bu h\u00fccreler camlara yay\u0131l\u0131r ve patoloji taraf\u0131ndan incelenir.<\/p>\n<p>[\/vc_column_text][\/vc_column][\/vc_row]<\/p>\n","protected":false},"excerpt":{"rendered":"<p>[vc_row][vc_column][vc_column_text] Ka\u00e7 \u00e7e\u015fit nod\u00fcl vard\u0131r? Tiroid nod\u00fclleri hormon salg\u0131lama derecelerine g\u00f6re s\u0131cak, \u0131l\u0131k ve so\u011fuk olarak \u00fc\u00e7e ayr\u0131l\u0131rlar. S\u0131cak nod\u00fcller normal tiroid dokusuna g\u00f6re daha fazla,<span class=\"excerpt-hellip\"> [\u2026]<\/span><\/p>\n","protected":false},"author":1,"featured_media":0,"parent":0,"menu_order":0,"comment_status":"closed","ping_status":"closed","template":"","meta":[],"_links":{"self":[{"href":"https:\/\/www.drozguroktay.com\/tr\/wp-json\/wp\/v2\/pages\/293"}],"collection":[{"href":"https:\/\/www.drozguroktay.com\/tr\/wp-json\/wp\/v2\/pages"}],"about":[{"href":"https:\/\/www.drozguroktay.com\/tr\/wp-json\/wp\/v2\/types\/page"}],"author":[{"embeddable":true,"href":"https:\/\/www.drozguroktay.com\/tr\/wp-json\/wp\/v2\/users\/1"}],"replies":[{"embeddable":true,"href":"https:\/\/www.drozguroktay.com\/tr\/wp-json\/wp\/v2\/comments?post=293"}],"version-history":[{"count":3,"href":"https:\/\/www.drozguroktay.com\/tr\/wp-json\/wp\/v2\/pages\/293\/revisions"}],"predecessor-version":[{"id":320,"href":"https:\/\/www.drozguroktay.com\/tr\/wp-json\/wp\/v2\/pages\/293\/revisions\/320"}],"wp:attachment":[{"href":"https:\/\/www.drozguroktay.com\/tr\/wp-json\/wp\/v2\/media?parent=293"}],"curies":[{"name":"wp","href":"https:\/\/api.w.org\/{rel}","templated":true}]}}