
{"id":300,"date":"2023-01-13T10:54:43","date_gmt":"2023-01-13T07:54:43","guid":{"rendered":"https:\/\/www.drozguroktay.com\/tr\/?page_id=300"},"modified":"2023-01-13T11:08:06","modified_gmt":"2023-01-13T08:08:06","slug":"alkol-ablasyonu","status":"publish","type":"page","link":"https:\/\/www.drozguroktay.com\/tr\/alkol-ablasyonu\/","title":{"rendered":"Alkol Ablasyonu"},"content":{"rendered":"<p>[vc_row][vc_column][\/vc_column][\/vc_row][vc_row][vc_column][vc_column_text]<\/p>\n<h3 style=\"text-align: center;\"><strong>Alkol Ablasyonu<\/strong><\/h3>\n<p style=\"text-align: center;\">Alkol, h\u00fccre proteinlerini denat\u00fcre ederek t\u00fcm\u00f6r h\u00fccrelerini \u00f6ld\u00fcren ve t\u0131pta ony\u0131llard\u0131r kullan\u0131lan bir maddedir. Alkol ablasyonu, tiroidde ilk kez 1990 y\u0131l\u0131nda Livraghi taraf\u0131ndan hipertiroidi(zehirli guatr) tedavisinde ba\u015far\u0131yla kullan\u0131lm\u0131\u015f ve daha sonra bu t\u00fcr tiroid nod\u00fcllerinde standart tedavilerden biri durumuna gelmi\u015ftir. Bu y\u00f6ntem, sonraki y\u0131llarda, hipertiroidi yapmayan (so\u011fuk) nod\u00fcllerin tedavisinde de kullan\u0131lm\u0131\u015ft\u0131r. Verde 1994 y\u0131l\u0131nda, s\u0131v\u0131 i\u00e7eren (kistik) tiroid nod\u00fcllerinde alkol ablasyonunu ba\u015far\u0131yla uygulam\u0131\u015ft\u0131r. Son 20 y\u0131lda gittik\u00e7e yayg\u0131nla\u015fan bu y\u00f6ntem g\u00fcn\u00fcm\u00fczde tiroid nod\u00fcllerinde en \u00e7ok uygulanan tedavilerden biri konumuna gelmi\u015ftir.<\/p>\n<h3 style=\"text-align: center;\"><strong>Nas\u0131l yap\u0131l\u0131r?<\/strong><\/h3>\n<p style=\"text-align: center;\">Hastada, \u00f6nce bir tiroid ultrasonu yap\u0131larak ablasyon yap\u0131lacak nod\u00fcl g\u00f6r\u00fcnt\u00fclenir. Daha sonra, cilde lokal anestezi uygulanarak ince bir i\u011fne ile nod\u00fcle girilir ve yava\u015f bir \u015fekilde alkol enjeksiyonu yap\u0131l\u0131r. Nod\u00fcl kistik (s\u0131v\u0131 i\u00e7eren) yap\u0131da ise \u00f6nce s\u0131v\u0131 i\u011fneyle al\u0131n\u0131r daha sonra alkol verilir. \u0130\u015flem bittikten sonra i\u011fne \u00e7ekilir ve hasta birka\u00e7 saat g\u00f6zlendikten sonra taburcu edilir.<\/p>\n<h3 style=\"text-align: center;\"><strong>\u200bHangi durumlarda kullan\u0131l\u0131r?<\/strong><\/h3>\n<p style=\"text-align: center;\">Alkol ablasyonu, g\u00fcn\u00fcm\u00fczde, kistik yani s\u0131v\u0131 i\u00e7eren iyi huylu tiroid nod\u00fcllerinde ilk se\u00e7ilecek tedavidir. Solid (s\u0131v\u0131 i\u00e7ermeyen) nod\u00fcllerde de ba\u015far\u0131l\u0131d\u0131r, ancak alkol\u00fcn nod\u00fcl\u00fcn her yerine yay\u0131lmas\u0131 i\u00e7in i\u015flem deneyimli hekimler taraf\u0131ndan dikkatli olarak yap\u0131lmal\u0131d\u0131r. Alkol ablasyonundan sonra nod\u00fcl i\u00e7indeki doku canl\u0131l\u0131\u011f\u0131n\u0131 kaybeder ve gittik\u00e7e k\u00fc\u00e7\u00fclmeye ba\u015flar, bu k\u00fc\u00e7\u00fclme aylarca devam eder.<\/p>\n<p style=\"text-align: center;\">Tiroid kanseri opere edildikten sonra geli\u015fen n\u00fcks t\u00fcm\u00f6rlerde ve boyundaki n\u00fcks lenf nodu metastazlar\u0131nda da alkol ablasyonu ba\u015far\u0131yla kullan\u0131lm\u0131\u015ft\u0131r. Y\u00f6ntem, \u00f6zellikle ikinci operasyonu zor olan ya da ikinci kez opere olmak istemeyen hastalarda iyi bir alternatif tedavi olarak kabul edilmektedir.<\/p>\n<h3 style=\"text-align: center;\"><strong>Avantajlar\u0131 nelerdir?<\/strong><\/h3>\n<p style=\"text-align: center;\">Alkol ablasyonu \u00e7ok ince bir i\u011fneyle yap\u0131l\u0131r, ciltte iz b\u0131rakmaz, a\u011fr\u0131s\u0131zd\u0131r ve hasta i\u015flemden k\u0131sa bir s\u00fcre sonra evine gidebilir. Deneyimli ellerde komplikasyon oran\u0131 \u00e7ok d\u00fc\u015f\u00fckt\u00fcr.<\/p>\n<p>[\/vc_column_text][\/vc_column][\/vc_row]<\/p>\n","protected":false},"excerpt":{"rendered":"<p>[vc_row][vc_column][\/vc_column][\/vc_row][vc_row][vc_column][vc_column_text] Alkol Ablasyonu Alkol, h\u00fccre proteinlerini denat\u00fcre ederek t\u00fcm\u00f6r h\u00fccrelerini \u00f6ld\u00fcren ve t\u0131pta ony\u0131llard\u0131r kullan\u0131lan bir maddedir. Alkol ablasyonu, tiroidde ilk kez 1990 y\u0131l\u0131nda Livraghi taraf\u0131ndan<span class=\"excerpt-hellip\"> [\u2026]<\/span><\/p>\n","protected":false},"author":1,"featured_media":0,"parent":0,"menu_order":0,"comment_status":"closed","ping_status":"closed","template":"","meta":[],"_links":{"self":[{"href":"https:\/\/www.drozguroktay.com\/tr\/wp-json\/wp\/v2\/pages\/300"}],"collection":[{"href":"https:\/\/www.drozguroktay.com\/tr\/wp-json\/wp\/v2\/pages"}],"about":[{"href":"https:\/\/www.drozguroktay.com\/tr\/wp-json\/wp\/v2\/types\/page"}],"author":[{"embeddable":true,"href":"https:\/\/www.drozguroktay.com\/tr\/wp-json\/wp\/v2\/users\/1"}],"replies":[{"embeddable":true,"href":"https:\/\/www.drozguroktay.com\/tr\/wp-json\/wp\/v2\/comments?post=300"}],"version-history":[{"count":2,"href":"https:\/\/www.drozguroktay.com\/tr\/wp-json\/wp\/v2\/pages\/300\/revisions"}],"predecessor-version":[{"id":324,"href":"https:\/\/www.drozguroktay.com\/tr\/wp-json\/wp\/v2\/pages\/300\/revisions\/324"}],"wp:attachment":[{"href":"https:\/\/www.drozguroktay.com\/tr\/wp-json\/wp\/v2\/media?parent=300"}],"curies":[{"name":"wp","href":"https:\/\/api.w.org\/{rel}","templated":true}]}}