
{"id":302,"date":"2023-01-13T10:55:03","date_gmt":"2023-01-13T07:55:03","guid":{"rendered":"https:\/\/www.drozguroktay.com\/tr\/?page_id=302"},"modified":"2023-01-13T11:09:25","modified_gmt":"2023-01-13T08:09:25","slug":"radyofrekans-ablasyon","status":"publish","type":"page","link":"https:\/\/www.drozguroktay.com\/tr\/radyofrekans-ablasyon\/","title":{"rendered":"Radyofrekans Ablasyon"},"content":{"rendered":"<p>[vc_row][vc_column][\/vc_column][\/vc_row][vc_row][vc_column][vc_column_text]<\/p>\n<h3 style=\"text-align: center;\"><strong>Radyofrekans ablasyon<\/strong><\/h3>\n<p style=\"text-align: center;\">\nRadyofrekans ablasyonda, dokuya verilen alternatif ak\u0131m iyonlar\u0131 ileri geri hareket ettirir ve olu\u015fan s\u00fcrt\u00fcnme sonucu a\u00e7\u0131\u011fa \u00e7\u0131kan \u0131s\u0131 t\u00fcm\u00f6r h\u00fccreleri \u00f6ld\u00fcr\u00fcr. Radyofrekans, t\u0131pta en eski ve en s\u0131k kullan\u0131lan ablasyon y\u00f6ntemlerinden biridir. Kanser hastalar\u0131nda, \u00f6zellikle karaci\u011fer, akci\u011fer, b\u00f6brek ve kemik t\u00fcm\u00f6rlerindeg\u00fcn\u00fcm\u00fczde yayg\u0131n olarak uygulanmaktad\u0131r. Radyofrekans, tiroid kanserinin di\u011fer organlardaki metastazlarda da en s\u0131k uygulanan ablasyon y\u00f6ntemidir.<\/p>\n<p style=\"text-align: center;\">Tiroid bezinin iyi huylu nod\u00fcllerinde, radyofrekans ablasyonu ilk kez 2006 y\u0131l\u0131nda Dr Kim taraf\u0131ndan bildirilmi\u015f ve daha sonra, \u00f6zellikle uzakdo\u011fuda ba\u015fta Dr Baek olmak \u00fczere bir\u00e7ok ara\u015ft\u0131rmac\u0131 taraf\u0131ndan yayg\u0131n olarak kullan\u0131lm\u0131\u015ft\u0131r. Binlerce hasta \u00fczerinde yap\u0131lan \u00e7al\u0131\u015fmalarda, t\u0131pk\u0131 lazer ablasyonunda oldu\u011fu gibi, radyofrekans ablasyonun da hastalarda nod\u00fcllerin ortalama %72 oran\u0131nda k\u00fc\u00e7\u00fcld\u00fc\u011f\u00fc, hastalarda yutma g\u00fc\u00e7l\u00fc\u011f\u00fc, nefes darl\u0131\u011f\u0131 gibi belirtilerin ortadan kalkt\u0131\u011f\u0131 ve kozmetik g\u00f6r\u00fcn\u00fcm\u00fcn d\u00fczeldi\u011fi bildirilmi\u015ftir.<\/p>\n<h3 style=\"text-align: center;\"><strong>Nas\u0131l yap\u0131l\u0131r?<\/strong><\/h3>\n<p style=\"text-align: center;\">Hastada, ultrason ile tiroiddeki ablasyon yap\u0131lacak nod\u00fcl tesbit edildikten sonra, cilde lokal anestezi uygulanarak giri\u015fim yeri uyu\u015fturulur. Daha sonra, ultrason rehberli\u011finde radyofekans i\u011fnesi ile nod\u00fcle girilir. Radyofrekans cihaz\u0131 \u00e7al\u0131\u015ft\u0131r\u0131ld\u0131ktan sonra, i\u011fne nod\u00fcl\u00fcn \u00e7e\u015fitli b\u00f6lgelerine y\u00f6nlendirilir ve b\u00f6ylece nod\u00fcl\u00fcn tamam\u0131n\u0131n radyofrekans\u0131n \u0131s\u0131s\u0131na maruz kalmas\u0131 sa\u011flan\u0131r. Lazer ablasyonda oldu\u011fu gibi, radyofrekans\u0131n \u0131s\u0131tt\u0131\u011f\u0131 alanlar da ultrasonda beyaz olarak g\u00f6r\u00fcl\u00fcr. \u0130\u015flem bittikten sonra radyofekans i\u011fnesi \u00e7ekilir ve hasta birka\u00e7 saat g\u00f6zlendikten sonra taburcu edilir.<\/p>\n<h3 style=\"text-align: center;\"><strong>Hangi durumlarda kullan\u0131l\u0131r?<\/strong><\/h3>\n<p style=\"text-align: center;\">Radyofrekans ablasyon, t\u0131pk\u0131 lazer gibi dokuyu \u0131s\u0131tarak tahrip eden bir y\u00f6ntemdir. Di\u011fer organlarda y\u0131llard\u0131r yayg\u0131n olarak kullan\u0131lmas\u0131na ra\u011fmen tiroidde kullan\u0131m\u0131 son 10 y\u0131lda yayg\u0131nla\u015fm\u0131\u015ft\u0131r. Lazer ve alkol ablasyonu gibi radyofrekans da tiroidde esas olarak iyi huylu nod\u00fcllerin ameliyats\u0131z tedavisinde kullan\u0131l\u0131r. Ancak son y\u0131llarda bu y\u00f6ntem, ameliyattan sonra boyunda n\u00fcks eden tiroid kanserlerinde de denenmi\u015f ve ba\u015far\u0131 sa\u011flanm\u0131\u015ft\u0131r. Yap\u0131lan bir \u00e7al\u0131\u015fmada n\u00fcks t\u00fcm\u00f6rleri kontrol etmede radyofrekans\u0131n cerrahi ile ayn\u0131 ba\u015far\u0131ya sahip oldu\u011fu ancak komplikasyon oran\u0131n\u0131n daha d\u00fc\u015f\u00fck oldu\u011fu g\u00f6sterilmi\u015ftir.<\/p>\n<h3 style=\"text-align: center;\"><strong>\u200bAvantajlar\u0131 nelerdir?<\/strong><\/h3>\n<p style=\"text-align: center;\">Radyofrekans da, lazer ablasyonu gibi, ince bir i\u011fneyle yap\u0131l\u0131r, ciltte iz b\u0131rakmaz, a\u011fr\u0131s\u0131zd\u0131r ve hasta i\u015flemden k\u0131sa bir s\u00fcre sonra evine gidebilir. Komplikasyon oran\u0131 lazer ablasyonunda oldu\u011fu gibi \u00e7ok d\u00fc\u015f\u00fckt\u00fcr.<\/p>\n<p>[\/vc_column_text][\/vc_column][\/vc_row]<\/p>\n","protected":false},"excerpt":{"rendered":"<p>[vc_row][vc_column][\/vc_column][\/vc_row][vc_row][vc_column][vc_column_text] Radyofrekans ablasyon Radyofrekans ablasyonda, dokuya verilen alternatif ak\u0131m iyonlar\u0131 ileri geri hareket ettirir ve olu\u015fan s\u00fcrt\u00fcnme sonucu a\u00e7\u0131\u011fa \u00e7\u0131kan \u0131s\u0131 t\u00fcm\u00f6r h\u00fccreleri \u00f6ld\u00fcr\u00fcr. Radyofrekans, t\u0131pta<span class=\"excerpt-hellip\"> [\u2026]<\/span><\/p>\n","protected":false},"author":1,"featured_media":0,"parent":0,"menu_order":0,"comment_status":"closed","ping_status":"closed","template":"","meta":[],"_links":{"self":[{"href":"https:\/\/www.drozguroktay.com\/tr\/wp-json\/wp\/v2\/pages\/302"}],"collection":[{"href":"https:\/\/www.drozguroktay.com\/tr\/wp-json\/wp\/v2\/pages"}],"about":[{"href":"https:\/\/www.drozguroktay.com\/tr\/wp-json\/wp\/v2\/types\/page"}],"author":[{"embeddable":true,"href":"https:\/\/www.drozguroktay.com\/tr\/wp-json\/wp\/v2\/users\/1"}],"replies":[{"embeddable":true,"href":"https:\/\/www.drozguroktay.com\/tr\/wp-json\/wp\/v2\/comments?post=302"}],"version-history":[{"count":2,"href":"https:\/\/www.drozguroktay.com\/tr\/wp-json\/wp\/v2\/pages\/302\/revisions"}],"predecessor-version":[{"id":325,"href":"https:\/\/www.drozguroktay.com\/tr\/wp-json\/wp\/v2\/pages\/302\/revisions\/325"}],"wp:attachment":[{"href":"https:\/\/www.drozguroktay.com\/tr\/wp-json\/wp\/v2\/media?parent=302"}],"curies":[{"name":"wp","href":"https:\/\/api.w.org\/{rel}","templated":true}]}}