
{"id":307,"date":"2023-01-13T10:55:29","date_gmt":"2023-01-13T07:55:29","guid":{"rendered":"https:\/\/www.drozguroktay.com\/tr\/?page_id=307"},"modified":"2023-01-13T11:12:33","modified_gmt":"2023-01-13T08:12:33","slug":"kriyoablasyon","status":"publish","type":"page","link":"https:\/\/www.drozguroktay.com\/tr\/kriyoablasyon\/","title":{"rendered":"Kriyoablasyon"},"content":{"rendered":"<p>[vc_row][vc_column][\/vc_column][\/vc_row][vc_row][vc_column][vc_column_text]<\/p>\n<h3 style=\"text-align: center;\"><strong>Kriyoablasyon<\/strong><\/h3>\n<p style=\"text-align: center;\">\nKriyoablasyon tiroid nod\u00fcllerinin ablasyonunda yeni ancak potansiyeli \u00e7ok y\u00fcksek olan bir y\u00f6ntemdir. Kriyoablasyonda, t\u00fcm\u00f6r dokusu -140 derecede dondurularak \u00f6ld\u00fcr\u00fcl\u00fcr ve zarars\u0131z hale getirilir. \u00d6len dokuyu da v\u00fccut kendi do\u011fal mekanizmas\u0131yla zaman i\u00e7inde k\u00fc\u00e7\u00fclterek ortadan kald\u0131r\u0131r.\u200b<\/p>\n<p style=\"text-align: center;\">Kriyoablasyon prostat, b\u00f6brek ve karaci\u011fer kanserlerinin tedavisinde y\u0131llard\u0131r ba\u015far\u0131yla kullan\u0131lan bir y\u00f6ntemdir. Uygun hastalarda onkolojik sonu\u00e7lar\u0131 cerrahiye benzer d\u00fczeydedir. Kriyoablasyon, di\u011fer ablasyon y\u00f6ntemlerinden farkl\u0131 olarak dokuyu dondurarak tahrip eder. Bu \u00f6zelli\u011fi nedeniyle a\u015fa\u011f\u0131daki avantajlara sahiptir.<\/p>\n<p style=\"text-align: center;\">\u200b1. \u0130\u015flem daha az a\u011fr\u0131l\u0131d\u0131r, \u00e7\u00fcnk\u00fc so\u011fuk uygulamas\u0131n\u0131n do\u011fal bir lokal anestezi etkisi vard\u0131r. Bu nedenle i\u015flem s\u0131ras\u0131nda hastan\u0131n uyutulmas\u0131 gerekmez.<\/p>\n<p style=\"text-align: center;\">\u200b2. Kriyoablasyon s\u0131ras\u0131nda dondurulan alan ultrason ve tomografide anl\u0131k olarak g\u00f6r\u00fclebilir. Bu \u00f6zellik di\u011fer hi\u00e7 bir ablasyon y\u00f6nteminde yoktur. Dondurulan ablasyon alan\u0131n\u0131n g\u00f6r\u00fclebilmesi ablasyon i\u015fleminin daha emniyetli ve etkili yap\u0131lmas\u0131n\u0131 sa\u011flar. Tiroid gibi \u00f6nemli damar ve sinirlere yak\u0131n organlarda bu \u00f6nemli bir avantaj sa\u011flar.<\/p>\n<p style=\"text-align: center;\">\u200b3. Kriyoablasyonda dondurma i\u015fleminin boyutu ve \u015fekli t\u00fcm\u00f6r\u00fcn boyut ve \u015fekline uygun \u015fekilde ayarlanabilir. Gerekirse birden fazla i\u011fne kullan\u0131larak ablasyon alan\u0131 b\u00fcy\u00fct\u00fclebilir.<\/p>\n<h4 style=\"text-align: center;\"><strong>Nas\u0131l yap\u0131l\u0131r?<\/strong><\/h4>\n<p style=\"text-align: center;\">\u00d6nce, ultrason ile tiroiddeki ablasyon yap\u0131lacak nod\u00fcl tesbit edilir. Daha sonra, ciltte giri\u015f yeri lokal anestezi ile uyu\u015fturulur ve uygun boyutlu kriyoablasyon i\u011fnesi ultrason rehberli\u011finde nod\u00fcle yerle\u015ftirilir. Bu a\u015famada, cihaz \u00e7al\u0131\u015ft\u0131r\u0131larak dondurma i\u015flemine ba\u015flan\u0131r. Kriyoablasyon s\u0131ras\u0131nda, nod\u00fcl\u00fcn merkezindeki i\u011fnenin \u00e7evresinde h\u0131zla bir buz topu olu\u015fur. Siyah bir alan olarak g\u00f6r\u00fclen buztopu gittik\u00e7e b\u00fcy\u00fcyerek tiroid nod\u00fcl\u00fcn\u00fc tamamen i\u00e7ine al\u0131r ve dondurarak \u00f6ld\u00fcr\u00fcr. Nod\u00fcl\u00fcn tamamen \u00f6lmesi i\u00e7in genellikle dondurma i\u015flemi 2-3 kez tekrarlan\u0131r. \u0130\u015flem s\u0131ras\u0131nda, hasta aral\u0131kl\u0131 olarak konu\u015fturularak ses teli sinirinin fonksiyonu kontrol edilir. \u0130\u015flem bittikten sonra kriyoablasyon i\u011fnesi \u00e7ekilir ve hasta birka\u00e7 saat g\u00f6zlendikten sonra taburcu edilir.<\/p>\n<h3 style=\"text-align: center;\"><strong>Hangi durumlarda kullan\u0131l\u0131r?<\/strong><\/h3>\n<p style=\"text-align: center;\">Tiroidde lazer, radyofrekans ve alkol ablasyonlar\u0131 iyi huylu nod\u00fcllerin tedavisinde en \u00e7ok kullan\u0131lan y\u00f6ntemlerdir. Ama\u00e7, i\u011fneyi s\u00fcrekli hareket ettirerek (moving shot tekni\u011fi) nod\u00fcl\u00fcn b\u00fcy\u00fck k\u0131sm\u0131n\u0131 tahrip etmek ve k\u00fc\u00e7\u00fclmesini sa\u011flamakt\u0131r. Yani ama\u00e7, nod\u00fcl\u00fc tamamen \u00f6ld\u00fcrmekten \u00e7ok k\u00fc\u00e7\u00fclmesini sa\u011flamakt\u0131r. Ancak bu y\u00f6ntemler kanserli nod\u00fcllerde yeterli olmaz, \u00e7\u00fcnk\u00fc kanserin tedavi edilebilmesi i\u00e7in nod\u00fcl\u00fcn tamam\u0131n\u0131n \u00e7evresindeki ince bir sa\u011flam doku ile birlikte \u00f6ld\u00fcr\u00fclmesi gerekir. Ayr\u0131ca, kanserli dokunun \u00e7evre dokuya sa\u00e7\u0131lmas\u0131na neden olabilece\u011finden hareketli i\u011fne (moving shot) tekni\u011fi kanserli nod\u00fcllerde uygun de\u011fildir. Onun yerine i\u011fneyi hi\u00e7 hareket ettirmeden yap\u0131lacak ablasyon tercih edilir.<\/p>\n<p style=\"text-align: center;\">Kriyoablasyon, bu a\u00e7\u0131lardan tiroiddeki kanser \u015f\u00fcphesi ta\u015f\u0131yan ya da kanser tan\u0131s\u0131 alan nod\u00fcller i\u00e7in daha uygun bir ablasyon y\u00f6ntemidir. Bu y\u00f6ntemde i\u011fne nod\u00fcl\u00fcn ortas\u0131na yerle\u015ftirilir ve ablasyon bitene kadar hareket ettirilmez. Ayr\u0131ca, olu\u015fan buz topunun nod\u00fcl\u00fc tamamen kaplad\u0131\u011f\u0131 ultrasonda g\u00f6r\u00fclebilir ve t\u00fcm\u00f6r\u00fcn tamamen \u00f6ld\u00fcr\u00fcld\u00fc\u011f\u00fcnden emin olunabilir. Buz topu cilt, damar ve sinirlere yakla\u015f\u0131rsa bu da hemen g\u00f6r\u00fclebilir ve bu yap\u0131lar\u0131 korumak i\u00e7in gerekli tedbirler al\u0131nabilir.<\/p>\n<p style=\"text-align: center;\">\nBu nedenlerden dolay\u0131, kanser tan\u0131s\u0131 alan ya da biyopside kanser \u015f\u00fcphesi ta\u015f\u0131yan tiroid nod\u00fcllerinin tedavisinde kliniklerimizde en \u00e7ok tercih edilen y\u00f6ntem kriyoablasyondur. 2017 y\u0131l\u0131ndan itibaren y\u00fczlerce hastada uygulad\u0131\u011f\u0131m\u0131z bu y\u00f6ntemde hastalar\u0131m\u0131z\u0131n hi\u00e7 birisinde kal\u0131c\u0131 bir komplikasyon geli\u015fmemi\u015f, hi\u00e7 bir hastada da tedavi edilen t\u00fcm\u00f6rde tekrarlama g\u00f6r\u00fclmemi\u015ftir.\u200b<\/p>\n<p>[\/vc_column_text][\/vc_column][\/vc_row]<\/p>\n","protected":false},"excerpt":{"rendered":"<p>[vc_row][vc_column][\/vc_column][\/vc_row][vc_row][vc_column][vc_column_text] Kriyoablasyon Kriyoablasyon tiroid nod\u00fcllerinin ablasyonunda yeni ancak potansiyeli \u00e7ok y\u00fcksek olan bir y\u00f6ntemdir. Kriyoablasyonda, t\u00fcm\u00f6r dokusu -140 derecede dondurularak \u00f6ld\u00fcr\u00fcl\u00fcr ve zarars\u0131z hale getirilir. \u00d6len<span class=\"excerpt-hellip\"> [\u2026]<\/span><\/p>\n","protected":false},"author":1,"featured_media":0,"parent":0,"menu_order":0,"comment_status":"closed","ping_status":"closed","template":"","meta":[],"_links":{"self":[{"href":"https:\/\/www.drozguroktay.com\/tr\/wp-json\/wp\/v2\/pages\/307"}],"collection":[{"href":"https:\/\/www.drozguroktay.com\/tr\/wp-json\/wp\/v2\/pages"}],"about":[{"href":"https:\/\/www.drozguroktay.com\/tr\/wp-json\/wp\/v2\/types\/page"}],"author":[{"embeddable":true,"href":"https:\/\/www.drozguroktay.com\/tr\/wp-json\/wp\/v2\/users\/1"}],"replies":[{"embeddable":true,"href":"https:\/\/www.drozguroktay.com\/tr\/wp-json\/wp\/v2\/comments?post=307"}],"version-history":[{"count":2,"href":"https:\/\/www.drozguroktay.com\/tr\/wp-json\/wp\/v2\/pages\/307\/revisions"}],"predecessor-version":[{"id":327,"href":"https:\/\/www.drozguroktay.com\/tr\/wp-json\/wp\/v2\/pages\/307\/revisions\/327"}],"wp:attachment":[{"href":"https:\/\/www.drozguroktay.com\/tr\/wp-json\/wp\/v2\/media?parent=307"}],"curies":[{"name":"wp","href":"https:\/\/api.w.org\/{rel}","templated":true}]}}